{"id":16,"date":"2024-09-24T13:32:15","date_gmt":"2024-09-24T13:32:15","guid":{"rendered":"https:\/\/restaurant-omiros.de\/?page_id=16"},"modified":"2026-03-16T10:20:45","modified_gmt":"2026-03-16T10:20:45","slug":"elementor-16","status":"publish","type":"page","link":"https:\/\/restaurant-omiros.de\/","title":{"rendered":"Willkommen im Restaurant Omiros"},"content":{"rendered":"\t\t<div data-elementor-type=\"wp-page\" data-elementor-id=\"16\" class=\"elementor elementor-16\">\n\t\t\t\t<div class=\"elementor-element elementor-element-6e7decd e-flex e-con-boxed e-con e-parent\" data-id=\"6e7decd\" data-element_type=\"container\" data-e-type=\"container\">\n\t\t\t\t\t<div class=\"e-con-inner\">\n\t\t\t\t<div class=\"elementor-element elementor-element-99e9f36 elementor-widget elementor-widget-spacer\" data-id=\"99e9f36\" data-element_type=\"widget\" data-e-type=\"widget\" data-widget_type=\"spacer.default\">\n\t\t\t\t<div class=\"elementor-widget-container\">\n\t\t\t\t\t\t\t<div class=\"elementor-spacer\">\n\t\t\t<div class=\"elementor-spacer-inner\"><\/div>\n\t\t<\/div>\n\t\t\t\t\t\t<\/div>\n\t\t\t\t<\/div>\n\t\t\t\t\t<\/div>\n\t\t\t\t<\/div>\n\t\t<div class=\"elementor-element elementor-element-ca638ab e-flex e-con-boxed e-con e-parent\" data-id=\"ca638ab\" data-element_type=\"container\" data-e-type=\"container\">\n\t\t\t\t\t<div class=\"e-con-inner\">\n\t\t\t\t<div class=\"elementor-element elementor-element-8d4d354 elementor-widget elementor-widget-menu-anchor\" data-id=\"8d4d354\" data-element_type=\"widget\" data-e-type=\"widget\" data-widget_type=\"menu-anchor.default\">\n\t\t\t\t<div class=\"elementor-widget-container\">\n\t\t\t\t\t\t\t<div class=\"elementor-menu-anchor\" id=\"willkommen\"><\/div>\n\t\t\t\t\t\t<\/div>\n\t\t\t\t<\/div>\n\t\t\t\t<div class=\"elementor-element elementor-element-06d3ba6 elementor-widget elementor-widget-heading\" data-id=\"06d3ba6\" data-element_type=\"widget\" data-e-type=\"widget\" data-widget_type=\"heading.default\">\n\t\t\t\t<div class=\"elementor-widget-container\">\n\t\t\t\t\t<h2 class=\"elementor-heading-title elementor-size-default\">Willkommen im Restaurant Omiros<\/h2>\t\t\t\t<\/div>\n\t\t\t\t<\/div>\n\t\t\t\t\t<\/div>\n\t\t\t\t<\/div>\n\t\t<div class=\"elementor-element elementor-element-420afeb e-flex e-con-boxed e-con e-parent\" data-id=\"420afeb\" data-element_type=\"container\" data-e-type=\"container\">\n\t\t\t\t\t<div class=\"e-con-inner\">\n\t\t<div class=\"elementor-element elementor-element-72f21bf e-con-full e-flex e-con e-child\" data-id=\"72f21bf\" data-element_type=\"container\" data-e-type=\"container\">\n\t\t\t\t<\/div>\n\t\t<div class=\"elementor-element elementor-element-d3bfce4 e-con-full e-flex e-con e-child\" data-id=\"d3bfce4\" data-element_type=\"container\" data-e-type=\"container\">\n\t\t\t\t<div class=\"elementor-element elementor-element-06d14b8 elementor-widget elementor-widget-text-editor\" data-id=\"06d14b8\" data-element_type=\"widget\" data-e-type=\"widget\" data-widget_type=\"text-editor.default\">\n\t\t\t\t<div class=\"elementor-widget-container\">\n\t\t\t\t\t\t\t\t\t<p><strong>Herzlich Willkommen!<\/strong><\/p><p><strong>Unter diesem Motto empfangen wir vom Restaurant Omiros unsere G\u00e4ste, denn wir hei\u00dfen Sie mit mediterraner Lebensfreude und viel Gastfreundschaft willkommen.<\/strong><\/p><p><strong>Unsere Gastr\u00e4ume sind gem\u00fctlich und modern gestaltet, damit Sie sich bei Ihrem Besuch wohlf\u00fchlen. Bei gutem Wetter bieten wir Ihnen gerne einen Platz in unserem Au\u00dfenbereich an.<\/strong><\/p><p><strong>Genie\u00dfen Sie bei uns leckere Fleisch-, Fisch und vegetarische Gerichte. Wir achten stets auf frische Lebensmittel, Zutaten, harmonische Aromen. Dabei darf nat\u00fcrlich der gute Geschmack nicht fehlen. <br \/>Wir freuen uns bereits darauf, Sie als Gast begr\u00fc\u00dfen zu d\u00fcrfen!<\/strong><\/p><p>Euer Omiros-Team<\/p>\t\t\t\t\t\t\t\t<\/div>\n\t\t\t\t<\/div>\n\t\t\t\t<\/div>\n\t\t<div class=\"elementor-element elementor-element-5aa03f4 e-con-full e-flex e-con e-child\" data-id=\"5aa03f4\" data-element_type=\"container\" data-e-type=\"container\">\n\t\t\t\t<\/div>\n\t\t\t\t\t<\/div>\n\t\t\t\t<\/div>\n\t\t<div class=\"elementor-element elementor-element-9c555ea e-flex e-con-boxed e-con e-parent\" data-id=\"9c555ea\" data-element_type=\"container\" data-e-type=\"container\">\n\t\t\t\t\t<div class=\"e-con-inner\">\n\t\t\t\t\t<\/div>\n\t\t\t\t<\/div>\n\t\t<div class=\"elementor-element elementor-element-f6d882b e-flex e-con-boxed e-con e-parent\" data-id=\"f6d882b\" data-element_type=\"container\" data-e-type=\"container\" data-settings=\"{&quot;background_background&quot;:&quot;classic&quot;}\">\n\t\t\t\t\t<div class=\"e-con-inner\">\n\t\t\t\t\t<\/div>\n\t\t\t\t<\/div>\n\t\t<div class=\"elementor-element elementor-element-c3b61de e-con-full e-flex e-con e-parent\" data-id=\"c3b61de\" data-element_type=\"container\" data-e-type=\"container\" data-settings=\"{&quot;background_background&quot;:&quot;classic&quot;}\">\n\t\t\t\t<\/div>\n\t\t<div class=\"elementor-element elementor-element-29684d1 e-flex e-con-boxed e-con e-parent\" data-id=\"29684d1\" data-element_type=\"container\" data-e-type=\"container\">\n\t\t\t\t\t<div class=\"e-con-inner\">\n\t\t<div class=\"elementor-element elementor-element-1d0f719 e-con-full e-flex e-con e-child\" data-id=\"1d0f719\" data-element_type=\"container\" data-e-type=\"container\">\n\t\t\t\t<div class=\"elementor-element elementor-element-164976d elementor-widget elementor-widget-counter\" data-id=\"164976d\" data-element_type=\"widget\" data-e-type=\"widget\" data-widget_type=\"counter.default\">\n\t\t\t\t<div class=\"elementor-widget-container\">\n\t\t\t\t\t\t\t<div class=\"elementor-counter\">\n\t\t\t<div class=\"elementor-counter-title\">Bewertungen<\/div>\t\t\t<div class=\"elementor-counter-number-wrapper\">\n\t\t\t\t<span class=\"elementor-counter-number-prefix\"><\/span>\n\t\t\t\t<span class=\"elementor-counter-number\" data-duration=\"2000\" data-to-value=\"639\" data-from-value=\"0\" data-delimiter=\",\">0<\/span>\n\t\t\t\t<span class=\"elementor-counter-number-suffix\"><\/span>\n\t\t\t<\/div>\n\t\t<\/div>\n\t\t\t\t\t\t<\/div>\n\t\t\t\t<\/div>\n\t\t\t\t<\/div>\n\t\t<div class=\"elementor-element elementor-element-6ccafc0 e-con-full e-flex e-con e-child\" data-id=\"6ccafc0\" data-element_type=\"container\" data-e-type=\"container\">\n\t\t\t\t<div class=\"elementor-element elementor-element-1fa0672 elementor-widget elementor-widget-counter\" data-id=\"1fa0672\" data-element_type=\"widget\" data-e-type=\"widget\" data-widget_type=\"counter.default\">\n\t\t\t\t<div class=\"elementor-widget-container\">\n\t\t\t\t\t\t\t<div class=\"elementor-counter\">\n\t\t\t<div class=\"elementor-counter-title\">Sterne<\/div>\t\t\t<div class=\"elementor-counter-number-wrapper\">\n\t\t\t\t<span class=\"elementor-counter-number-prefix\"><\/span>\n\t\t\t\t<span class=\"elementor-counter-number\" data-duration=\"2000\" data-to-value=\"4.6\" data-from-value=\"0\" data-delimiter=\",\">0<\/span>\n\t\t\t\t<span class=\"elementor-counter-number-suffix\"><\/span>\n\t\t\t<\/div>\n\t\t<\/div>\n\t\t\t\t\t\t<\/div>\n\t\t\t\t<\/div>\n\t\t\t\t<\/div>\n\t\t<div class=\"elementor-element elementor-element-45f978f e-con-full e-flex e-con e-child\" data-id=\"45f978f\" data-element_type=\"container\" data-e-type=\"container\">\n\t\t\t\t<div class=\"elementor-element elementor-element-c6c3af2 elementor-widget elementor-widget-counter\" data-id=\"c6c3af2\" data-element_type=\"widget\" data-e-type=\"widget\" data-widget_type=\"counter.default\">\n\t\t\t\t<div class=\"elementor-widget-container\">\n\t\t\t\t\t\t\t<div class=\"elementor-counter\">\n\t\t\t<div class=\"elementor-counter-title\">Interaktionen<\/div>\t\t\t<div class=\"elementor-counter-number-wrapper\">\n\t\t\t\t<span class=\"elementor-counter-number-prefix\"><\/span>\n\t\t\t\t<span class=\"elementor-counter-number\" data-duration=\"2000\" data-to-value=\"5.456\" data-from-value=\"0\" data-delimiter=\",\">0<\/span>\n\t\t\t\t<span class=\"elementor-counter-number-suffix\"><\/span>\n\t\t\t<\/div>\n\t\t<\/div>\n\t\t\t\t\t\t<\/div>\n\t\t\t\t<\/div>\n\t\t\t\t<\/div>\n\t\t\t\t\t<\/div>\n\t\t\t\t<\/div>\n\t\t<div class=\"elementor-element elementor-element-a2ebb04 e-con-full e-flex e-con e-parent\" data-id=\"a2ebb04\" data-element_type=\"container\" data-e-type=\"container\" data-settings=\"{&quot;background_background&quot;:&quot;classic&quot;}\">\n\t\t\t\t<\/div>\n\t\t<div class=\"elementor-element elementor-element-d3e10f5 e-flex e-con-boxed e-con e-parent\" data-id=\"d3e10f5\" data-element_type=\"container\" data-e-type=\"container\">\n\t\t\t\t\t<div class=\"e-con-inner\">\n\t\t\t\t<div class=\"elementor-element elementor-element-27602e2 elementor-widget elementor-widget-menu-anchor\" data-id=\"27602e2\" data-element_type=\"widget\" data-e-type=\"widget\" data-widget_type=\"menu-anchor.default\">\n\t\t\t\t<div class=\"elementor-widget-container\">\n\t\t\t\t\t\t\t<div class=\"elementor-menu-anchor\" id=\"gallerie\"><\/div>\n\t\t\t\t\t\t<\/div>\n\t\t\t\t<\/div>\n\t\t\t\t<div class=\"elementor-element elementor-element-4f43eda elementor-widget elementor-widget-heading\" data-id=\"4f43eda\" data-element_type=\"widget\" data-e-type=\"widget\" data-widget_type=\"heading.default\">\n\t\t\t\t<div class=\"elementor-widget-container\">\n\t\t\t\t\t<h2 class=\"elementor-heading-title elementor-size-default\">UNSERE SPEISEN<\/h2>\t\t\t\t<\/div>\n\t\t\t\t<\/div>\n\t\t\t\t\t<\/div>\n\t\t\t\t<\/div>\n\t\t<div class=\"elementor-element elementor-element-6a79078 e-flex e-con-boxed e-con e-parent\" data-id=\"6a79078\" data-element_type=\"container\" data-e-type=\"container\">\n\t\t\t\t\t<div class=\"e-con-inner\">\n\t\t<div class=\"elementor-element elementor-element-6affcbd e-con-full e-flex e-con e-child\" data-id=\"6affcbd\" data-element_type=\"container\" data-e-type=\"container\">\n\t\t\t\t<div class=\"elementor-element elementor-element-4710c01 elementor-invisible elementor-widget elementor-widget-image\" data-id=\"4710c01\" data-element_type=\"widget\" data-e-type=\"widget\" data-settings=\"{&quot;_animation&quot;:&quot;fadeInLeft&quot;}\" data-widget_type=\"image.default\">\n\t\t\t\t<div class=\"elementor-widget-container\">\n\t\t\t\t\t\t\t\t\t\t\t\t\t\t\t<img fetchpriority=\"high\" decoding=\"async\" width=\"800\" height=\"800\" src=\"https:\/\/restaurant-omiros.de\/wp-content\/uploads\/2024\/10\/B_Calamares-Omiros.jpg\" class=\"attachment-large size-large wp-image-432\" alt=\"171. Unser Calamares Natur\" srcset=\"https:\/\/restaurant-omiros.de\/wp-content\/uploads\/2024\/10\/B_Calamares-Omiros.jpg 1024w, https:\/\/restaurant-omiros.de\/wp-content\/uploads\/2024\/10\/B_Calamares-Omiros-300x300.jpg 300w, https:\/\/restaurant-omiros.de\/wp-content\/uploads\/2024\/10\/B_Calamares-Omiros-150x150.jpg 150w, https:\/\/restaurant-omiros.de\/wp-content\/uploads\/2024\/10\/B_Calamares-Omiros-768x768.jpg 768w\" sizes=\"(max-width: 800px) 100vw, 800px\" \/>\t\t\t\t\t\t\t\t\t\t\t\t\t\t\t<\/div>\n\t\t\t\t<\/div>\n\t\t\t\t<\/div>\n\t\t<div class=\"elementor-element elementor-element-3ee688d e-con-full e-flex e-con e-child\" data-id=\"3ee688d\" data-element_type=\"container\" data-e-type=\"container\">\n\t\t\t\t<div class=\"elementor-element elementor-element-f913dbc elementor-invisible elementor-widget elementor-widget-image\" data-id=\"f913dbc\" data-element_type=\"widget\" data-e-type=\"widget\" data-settings=\"{&quot;_animation&quot;:&quot;fadeInRight&quot;}\" data-widget_type=\"image.default\">\n\t\t\t\t<div class=\"elementor-widget-container\">\n\t\t\t\t\t\t\t\t\t\t\t\t\t\t\t<img decoding=\"async\" width=\"800\" height=\"800\" src=\"https:\/\/restaurant-omiros.de\/wp-content\/uploads\/2024\/10\/B_Gyros-Schafskaese-Omiros.jpg\" class=\"attachment-large size-large wp-image-433\" alt=\"101. Unser Gyros Schafsk\u00e4se\" srcset=\"https:\/\/restaurant-omiros.de\/wp-content\/uploads\/2024\/10\/B_Gyros-Schafskaese-Omiros.jpg 1024w, https:\/\/restaurant-omiros.de\/wp-content\/uploads\/2024\/10\/B_Gyros-Schafskaese-Omiros-300x300.jpg 300w, https:\/\/restaurant-omiros.de\/wp-content\/uploads\/2024\/10\/B_Gyros-Schafskaese-Omiros-150x150.jpg 150w, https:\/\/restaurant-omiros.de\/wp-content\/uploads\/2024\/10\/B_Gyros-Schafskaese-Omiros-768x768.jpg 768w\" sizes=\"(max-width: 800px) 100vw, 800px\" \/>\t\t\t\t\t\t\t\t\t\t\t\t\t\t\t<\/div>\n\t\t\t\t<\/div>\n\t\t\t\t<\/div>\n\t\t<div class=\"elementor-element elementor-element-12cbe24 e-con-full e-flex e-con e-child\" data-id=\"12cbe24\" data-element_type=\"container\" data-e-type=\"container\">\n\t\t\t\t<div class=\"elementor-element elementor-element-eda82b3 elementor-invisible elementor-widget elementor-widget-image\" data-id=\"eda82b3\" data-element_type=\"widget\" data-e-type=\"widget\" data-settings=\"{&quot;_animation&quot;:&quot;fadeInLeft&quot;}\" data-widget_type=\"image.default\">\n\t\t\t\t<div class=\"elementor-widget-container\">\n\t\t\t\t\t\t\t\t\t\t\t\t\t\t\t<img decoding=\"async\" width=\"800\" height=\"800\" src=\"https:\/\/restaurant-omiros.de\/wp-content\/uploads\/2024\/10\/B_Lammteller-Omiros.jpg\" class=\"attachment-large size-large wp-image-434\" alt=\"122. Unser Lammteller\" srcset=\"https:\/\/restaurant-omiros.de\/wp-content\/uploads\/2024\/10\/B_Lammteller-Omiros.jpg 1024w, https:\/\/restaurant-omiros.de\/wp-content\/uploads\/2024\/10\/B_Lammteller-Omiros-300x300.jpg 300w, https:\/\/restaurant-omiros.de\/wp-content\/uploads\/2024\/10\/B_Lammteller-Omiros-150x150.jpg 150w, https:\/\/restaurant-omiros.de\/wp-content\/uploads\/2024\/10\/B_Lammteller-Omiros-768x768.jpg 768w\" sizes=\"(max-width: 800px) 100vw, 800px\" \/>\t\t\t\t\t\t\t\t\t\t\t\t\t\t\t<\/div>\n\t\t\t\t<\/div>\n\t\t\t\t<\/div>\n\t\t<div class=\"elementor-element elementor-element-241b5ed e-con-full e-flex e-con e-child\" data-id=\"241b5ed\" data-element_type=\"container\" data-e-type=\"container\">\n\t\t\t\t<div class=\"elementor-element elementor-element-7e442a6 elementor-invisible elementor-widget elementor-widget-image\" data-id=\"7e442a6\" data-element_type=\"widget\" data-e-type=\"widget\" data-settings=\"{&quot;_animation&quot;:&quot;fadeInRight&quot;}\" data-widget_type=\"image.default\">\n\t\t\t\t<div class=\"elementor-widget-container\">\n\t\t\t\t\t\t\t\t\t\t\t\t\t\t\t<img loading=\"lazy\" decoding=\"async\" width=\"800\" height=\"800\" src=\"https:\/\/restaurant-omiros.de\/wp-content\/uploads\/2024\/10\/B_Tiramisu-Omiros.jpg\" class=\"attachment-large size-large wp-image-435\" alt=\"\" srcset=\"https:\/\/restaurant-omiros.de\/wp-content\/uploads\/2024\/10\/B_Tiramisu-Omiros.jpg 1024w, https:\/\/restaurant-omiros.de\/wp-content\/uploads\/2024\/10\/B_Tiramisu-Omiros-300x300.jpg 300w, https:\/\/restaurant-omiros.de\/wp-content\/uploads\/2024\/10\/B_Tiramisu-Omiros-150x150.jpg 150w, https:\/\/restaurant-omiros.de\/wp-content\/uploads\/2024\/10\/B_Tiramisu-Omiros-768x768.jpg 768w\" sizes=\"(max-width: 800px) 100vw, 800px\" \/>\t\t\t\t\t\t\t\t\t\t\t\t\t\t\t<\/div>\n\t\t\t\t<\/div>\n\t\t\t\t<\/div>\n\t\t\t\t\t<\/div>\n\t\t\t\t<\/div>\n\t\t<div class=\"elementor-element elementor-element-0cc44c6 e-flex e-con-boxed e-con e-parent\" data-id=\"0cc44c6\" data-element_type=\"container\" data-e-type=\"container\">\n\t\t\t\t\t<div class=\"e-con-inner\">\n\t\t\t\t<div class=\"elementor-element elementor-element-d610938 elementor-widget elementor-widget-menu-anchor\" data-id=\"d610938\" data-element_type=\"widget\" data-e-type=\"widget\" data-widget_type=\"menu-anchor.default\">\n\t\t\t\t<div class=\"elementor-widget-container\">\n\t\t\t\t\t\t\t<div class=\"elementor-menu-anchor\" id=\"speisekarte\"><\/div>\n\t\t\t\t\t\t<\/div>\n\t\t\t\t<\/div>\n\t\t\t\t<div class=\"elementor-element elementor-element-8de95f5 elementor-widget elementor-widget-heading\" data-id=\"8de95f5\" data-element_type=\"widget\" data-e-type=\"widget\" data-widget_type=\"heading.default\">\n\t\t\t\t<div class=\"elementor-widget-container\">\n\t\t\t\t\t<h2 class=\"elementor-heading-title elementor-size-default\">SPEISEKARTE<\/h2>\t\t\t\t<\/div>\n\t\t\t\t<\/div>\n\t\t\t\t\t<\/div>\n\t\t\t\t<\/div>\n\t\t<div class=\"elementor-element elementor-element-43b6292 e-flex e-con-boxed e-con e-parent\" data-id=\"43b6292\" data-element_type=\"container\" data-e-type=\"container\">\n\t\t\t\t\t<div class=\"e-con-inner\">\n\t\t\t\t<div class=\"elementor-element elementor-element-6b98c58 elementor-widget elementor-widget-shortcode\" data-id=\"6b98c58\" data-element_type=\"widget\" data-e-type=\"widget\" data-widget_type=\"shortcode.default\">\n\t\t\t\t<div class=\"elementor-widget-container\">\n\t\t\t\t\t\t\t<div class=\"elementor-shortcode\"><div class=\"_df_book df-lite\" id=\"df_53\"  _slug=\"speisekarte-restaurant-omiros\" data-title=\"speisekarte-restaurant-omiros\" wpoptions=\"true\" thumbtype=\"\" ><\/div><script class=\"df-shortcode-script\" nowprocket type=\"application\/javascript\">window.option_df_53 = {\"outline\":[],\"autoEnableOutline\":\"false\",\"autoEnableThumbnail\":\"false\",\"overwritePDFOutline\":\"false\",\"direction\":\"1\",\"pageSize\":\"0\",\"source\":\"https:\\\/\\\/restaurant-omiros.de\\\/wp-content\\\/uploads\\\/2024\\\/09\\\/Omiros-Speisekarte_2026.pdf\",\"wpOptions\":\"true\"}; if(window.DFLIP && window.DFLIP.parseBooks){window.DFLIP.parseBooks();}<\/script><\/div>\n\t\t\t\t\t\t<\/div>\n\t\t\t\t<\/div>\n\t\t\t\t\t<\/div>\n\t\t\t\t<\/div>\n\t\t<div class=\"elementor-element elementor-element-e3fc41e e-flex e-con-boxed e-con e-parent\" data-id=\"e3fc41e\" data-element_type=\"container\" data-e-type=\"container\">\n\t\t\t\t\t<div class=\"e-con-inner\">\n\t\t\t\t\t<\/div>\n\t\t\t\t<\/div>\n\t\t<div class=\"elementor-element elementor-element-1099653 e-flex e-con-boxed e-con e-parent\" data-id=\"1099653\" data-element_type=\"container\" data-e-type=\"container\">\n\t\t\t\t\t<div class=\"e-con-inner\">\n\t\t\t\t<div class=\"elementor-element elementor-element-a2a8d9b elementor-widget elementor-widget-spacer\" data-id=\"a2a8d9b\" data-element_type=\"widget\" data-e-type=\"widget\" data-widget_type=\"spacer.default\">\n\t\t\t\t<div class=\"elementor-widget-container\">\n\t\t\t\t\t\t\t<div class=\"elementor-spacer\">\n\t\t\t<div class=\"elementor-spacer-inner\"><\/div>\n\t\t<\/div>\n\t\t\t\t\t\t<\/div>\n\t\t\t\t<\/div>\n\t\t\t\t\t<\/div>\n\t\t\t\t<\/div>\n\t\t<div class=\"elementor-element elementor-element-7771a65 e-flex e-con-boxed e-con e-parent\" data-id=\"7771a65\" data-element_type=\"container\" data-e-type=\"container\">\n\t\t\t\t\t<div class=\"e-con-inner\">\n\t\t<div class=\"elementor-element elementor-element-61223a1 e-con-full e-flex e-con e-child\" data-id=\"61223a1\" data-element_type=\"container\" data-e-type=\"container\">\n\t\t\t\t<div class=\"elementor-element elementor-element-afb386a elementor-widget elementor-widget-menu-anchor\" data-id=\"afb386a\" data-element_type=\"widget\" data-e-type=\"widget\" data-widget_type=\"menu-anchor.default\">\n\t\t\t\t<div class=\"elementor-widget-container\">\n\t\t\t\t\t\t\t<div class=\"elementor-menu-anchor\" id=\"anfahrt\"><\/div>\n\t\t\t\t\t\t<\/div>\n\t\t\t\t<\/div>\n\t\t\t\t<div class=\"elementor-element elementor-element-174546b elementor-widget elementor-widget-heading\" data-id=\"174546b\" data-element_type=\"widget\" data-e-type=\"widget\" data-widget_type=\"heading.default\">\n\t\t\t\t<div class=\"elementor-widget-container\">\n\t\t\t\t\t<h3 class=\"elementor-heading-title elementor-size-default\">ANFAHRT<\/h3>\t\t\t\t<\/div>\n\t\t\t\t<\/div>\n\t\t<div class=\"elementor-element elementor-element-39369f3 e-con-full e-flex elementor-invisible e-con e-child\" data-id=\"39369f3\" data-element_type=\"container\" data-e-type=\"container\" data-settings=\"{&quot;animation&quot;:&quot;fadeInUp&quot;}\">\n\t\t\t\t<div class=\"elementor-element elementor-element-450a3ab elementor-widget elementor-widget-google_maps\" data-id=\"450a3ab\" data-element_type=\"widget\" data-e-type=\"widget\" data-widget_type=\"google_maps.default\">\n\t\t\t\t<div class=\"elementor-widget-container\">\n\t\t\t\t\t\t\t<div class=\"elementor-custom-embed\">\n\t\t\t<iframe loading=\"lazy\"\n\t\t\t\t\tsrc=\"https:\/\/maps.google.com\/maps?q=Restaurant%20Omiros%2C%20Neuer%20Weg%2016%2C%2024558%20Henstedt-Ulzburg&#038;t=m&#038;z=14&#038;output=embed&#038;iwloc=near\"\n\t\t\t\t\ttitle=\"Restaurant Omiros, Neuer Weg 16, 24558 Henstedt-Ulzburg\"\n\t\t\t\t\taria-label=\"Restaurant Omiros, Neuer Weg 16, 24558 Henstedt-Ulzburg\"\n\t\t\t><\/iframe>\n\t\t<\/div>\n\t\t\t\t\t\t<\/div>\n\t\t\t\t<\/div>\n\t\t\t\t<\/div>\n\t\t\t\t<\/div>\n\t\t<div class=\"elementor-element elementor-element-aeae5d7 e-con-full e-flex e-con e-child\" data-id=\"aeae5d7\" data-element_type=\"container\" data-e-type=\"container\">\n\t\t\t\t<div class=\"elementor-element elementor-element-996f620 elementor-widget elementor-widget-menu-anchor\" data-id=\"996f620\" data-element_type=\"widget\" data-e-type=\"widget\" data-widget_type=\"menu-anchor.default\">\n\t\t\t\t<div class=\"elementor-widget-container\">\n\t\t\t\t\t\t\t<div class=\"elementor-menu-anchor\" id=\"kontakt\"><\/div>\n\t\t\t\t\t\t<\/div>\n\t\t\t\t<\/div>\n\t\t<div class=\"elementor-element elementor-element-d155c88 e-con-full e-flex e-con e-child\" data-id=\"d155c88\" data-element_type=\"container\" data-e-type=\"container\">\n\t\t\t\t<div class=\"elementor-element elementor-element-a2084f4 elementor-widget elementor-widget-heading\" data-id=\"a2084f4\" data-element_type=\"widget\" data-e-type=\"widget\" data-widget_type=\"heading.default\">\n\t\t\t\t<div class=\"elementor-widget-container\">\n\t\t\t\t\t<h3 class=\"elementor-heading-title elementor-size-default\">KONTAKT<\/h3>\t\t\t\t<\/div>\n\t\t\t\t<\/div>\n\t\t\t\t<\/div>\n\t\t\t\t<div class=\"elementor-element elementor-element-74b1c50 elementor-invisible elementor-widget elementor-widget-text-editor\" data-id=\"74b1c50\" data-element_type=\"widget\" data-e-type=\"widget\" data-settings=\"{&quot;_animation&quot;:&quot;fadeInRight&quot;}\" data-widget_type=\"text-editor.default\">\n\t\t\t\t<div class=\"elementor-widget-container\">\n\t\t\t\t\t\t\t\t\t<h5>Restaurant Omiros<br \/><a href=\"https:\/\/www.google.de\/maps\/dir\/\/Restaurant+Omiros,+Neuer+Weg+16,+24558+Henstedt-Ulzburg\/@53.6907907,9.8094791,11z\/data=!4m8!4m7!1m0!1m5!1m1!1s0x47b22f7241eff7db:0xfa2b8701538e935!2m2!1d10.0021982!2d53.7888487?entry=ttu&amp;g_ep=EgoyMDI0MDkxOC4xIKXMDSoASAFQAw%3D%3D\">Neuer Weg 16<\/a><br \/><a href=\"https:\/\/www.google.de\/maps\/dir\/\/Restaurant+Omiros,+Neuer+Weg+16,+24558+Henstedt-Ulzburg\/@53.6907907,9.8094791,11z\/data=!4m8!4m7!1m0!1m5!1m1!1s0x47b22f7241eff7db:0xfa2b8701538e935!2m2!1d10.0021982!2d53.7888487?entry=ttu&amp;g_ep=EgoyMDI0MDkxOC4xIKXMDSoASAFQAw%3D%3D\">24558 Henstedt-Ulzburg<\/a><\/h5>\n<h5>Tel.: <a href=\"tel:+4941938859977\">+49 (0)4193-885 99 77<\/a><\/h5>\t\t\t\t\t\t\t\t<\/div>\n\t\t\t\t<\/div>\n\t\t\t\t<div class=\"elementor-element elementor-element-a5dd3a4 elementor-widget elementor-widget-heading\" data-id=\"a5dd3a4\" data-element_type=\"widget\" data-e-type=\"widget\" data-widget_type=\"heading.default\">\n\t\t\t\t<div class=\"elementor-widget-container\">\n\t\t\t\t\t<h3 class=\"elementor-heading-title elementor-size-default\">\u00d6FFNUNGSZEITEN<\/h3>\t\t\t\t<\/div>\n\t\t\t\t<\/div>\n\t\t\t\t<div class=\"elementor-element elementor-element-6227960 elementor-invisible elementor-widget elementor-widget-text-editor\" data-id=\"6227960\" data-element_type=\"widget\" data-e-type=\"widget\" data-settings=\"{&quot;_animation&quot;:&quot;fadeInUp&quot;}\" data-widget_type=\"text-editor.default\">\n\t\t\t\t<div class=\"elementor-widget-container\">\n\t\t\t\t\t\t\t\t\t<h4><strong>Montag: Ruhetag<\/strong><\/h4><h4><strong>Dienstag &#8211; Donnerstag:<\/strong><br \/><strong>17:00 &#8211; 22:00<\/strong><\/h4><h4><strong>Freitag &#8211; <\/strong><strong>Samstag<br \/><\/strong><strong>17:00 &#8211; 23:00<\/strong><\/h4><h4><strong>Sonn- und Feiertage:<\/strong><br \/><strong>12:00 &#8211; 22:00<\/strong><\/h4><h5>\u00a0<\/h5>\t\t\t\t\t\t\t\t<\/div>\n\t\t\t\t<\/div>\n\t\t\t\t<\/div>\n\t\t\t\t\t<\/div>\n\t\t\t\t<\/div>\n\t\t<div class=\"elementor-element elementor-element-164a26a e-flex e-con-boxed e-con e-parent\" data-id=\"164a26a\" data-element_type=\"container\" data-e-type=\"container\">\n\t\t\t\t\t<div class=\"e-con-inner\">\n\t\t\t\t<div class=\"elementor-element elementor-element-94d82da elementor-widget elementor-widget-spacer\" data-id=\"94d82da\" data-element_type=\"widget\" data-e-type=\"widget\" data-widget_type=\"spacer.default\">\n\t\t\t\t<div class=\"elementor-widget-container\">\n\t\t\t\t\t\t\t<div class=\"elementor-spacer\">\n\t\t\t<div class=\"elementor-spacer-inner\"><\/div>\n\t\t<\/div>\n\t\t\t\t\t\t<\/div>\n\t\t\t\t<\/div>\n\t\t\t\t\t<\/div>\n\t\t\t\t<\/div>\n\t\t<div class=\"elementor-element elementor-element-acab101 e-flex e-con-boxed e-con e-parent\" data-id=\"acab101\" data-element_type=\"container\" data-e-type=\"container\">\n\t\t\t\t\t<div class=\"e-con-inner\">\n\t\t\t\t<div class=\"elementor-element elementor-element-744d75b elementor-widget elementor-widget-text-editor\" data-id=\"744d75b\" data-element_type=\"widget\" data-e-type=\"widget\" data-widget_type=\"text-editor.default\">\n\t\t\t\t<div class=\"elementor-widget-container\">\n\t\t\t\t\t\t\t\t\t<p style=\"text-align: center;\">\u00a9 <a href=\"https:\/\/restaurant-omiros.de\/\">Restaurant Omiros<\/a> Alle Rechte vorbehalten.<br \/>Powered by <a href=\"https:\/\/pavlos-design.de\"><span style=\"color: #808080;\">Pavlos-<\/span><span style=\"color: #ff0000;\">Design<\/span><\/a><\/p><p style=\"text-align: center;\">Webdesign, Konzept &amp; Umsetzung durch die <a href=\"https:\/\/pavlos-design.de\">Werbeagentur Pavlos-Design<\/a><\/p>\t\t\t\t\t\t\t\t<\/div>\n\t\t\t\t<\/div>\n\t\t\t\t\t<\/div>\n\t\t\t\t<\/div>\n\t\t\t\t<\/div>\n\t\t","protected":false},"excerpt":{"rendered":"<p>Willkommen im Restaurant Omiros Herzlich Willkommen! Unter diesem Motto empfangen wir vom Restaurant Omiros unsere G\u00e4ste, denn wir hei\u00dfen Sie mit mediterraner Lebensfreude und viel Gastfreundschaft willkommen. Unsere Gastr\u00e4ume sind gem\u00fctlich und modern gestaltet, damit Sie sich bei Ihrem Besuch wohlf\u00fchlen. Bei gutem Wetter bieten wir Ihnen gerne einen Platz in unserem Au\u00dfenbereich an. Genie\u00dfen [&hellip;]<\/p>\n","protected":false},"author":1,"featured_media":0,"parent":0,"menu_order":1,"comment_status":"closed","ping_status":"closed","template":"","meta":{"footnotes":""},"class_list":["post-16","page","type-page","status-publish","hentry"],"_links":{"self":[{"href":"https:\/\/restaurant-omiros.de\/index.php?rest_route=\/wp\/v2\/pages\/16","targetHints":{"allow":["GET"]}}],"collection":[{"href":"https:\/\/restaurant-omiros.de\/index.php?rest_route=\/wp\/v2\/pages"}],"about":[{"href":"https:\/\/restaurant-omiros.de\/index.php?rest_route=\/wp\/v2\/types\/page"}],"author":[{"embeddable":true,"href":"https:\/\/restaurant-omiros.de\/index.php?rest_route=\/wp\/v2\/users\/1"}],"replies":[{"embeddable":true,"href":"https:\/\/restaurant-omiros.de\/index.php?rest_route=%2Fwp%2Fv2%2Fcomments&post=16"}],"version-history":[{"count":101,"href":"https:\/\/restaurant-omiros.de\/index.php?rest_route=\/wp\/v2\/pages\/16\/revisions"}],"predecessor-version":[{"id":738,"href":"https:\/\/restaurant-omiros.de\/index.php?rest_route=\/wp\/v2\/pages\/16\/revisions\/738"}],"wp:attachment":[{"href":"https:\/\/restaurant-omiros.de\/index.php?rest_route=%2Fwp%2Fv2%2Fmedia&parent=16"}],"curies":[{"name":"wp","href":"https:\/\/api.w.org\/{rel}","templated":true}]}}